{"id":2683,"date":"2026-01-22T09:31:16","date_gmt":"2026-01-22T08:31:16","guid":{"rendered":"https:\/\/kymiashop.com\/fr_fr\/?post_type=product&#038;p=2683"},"modified":"2026-01-22T15:04:32","modified_gmt":"2026-01-22T14:04:32","slug":"vitamine-b3","status":"publish","type":"product","link":"https:\/\/kymiashop.com\/fr_fr\/product\/vitamine-b3\/","title":{"rendered":"VITAMINE B3"},"content":{"rendered":"<h3 data-start=\"984\" data-end=\"1017\"><strong data-start=\"988\" data-end=\"1017\">VITAMINE B3 (NIACINAMIDE)<\/strong><\/h3>\n<p data-start=\"1018\" data-end=\"1212\"><strong data-start=\"1018\" data-end=\"1035\">Description :<\/strong> Vitamine hydrosoluble multifonction.<br data-start=\"1072\" data-end=\"1075\" \/><strong data-start=\"1075\" data-end=\"1089\">Fonction :<\/strong> \u00c9clat, r\u00e9gulation du s\u00e9bum.<br data-start=\"1117\" data-end=\"1120\" \/><strong data-start=\"1120\" data-end=\"1138\">Applications :<\/strong> Cr\u00e8mes, s\u00e9rums, lotions.<br data-start=\"1163\" data-end=\"1166\" \/><strong data-start=\"1166\" data-end=\"1181\">Avantages :<\/strong> Convient \u00e0 tous types de peau.<\/p>\n","protected":false},"excerpt":{"rendered":"<p>VITAMINE B3 (NIACINAMIDE) Description : Vitamine hydrosoluble multifonction.Fonction : \u00c9clat, r\u00e9gulation du s\u00e9bum.Applications : Cr\u00e8mes, s\u00e9rums, lotions.Avantages : Convient \u00e0 tous types de peau.<\/p>\n","protected":false},"featured_media":2539,"template":"","meta":[],"product_brand":[],"product_cat":[15],"product_tag":[],"class_list":{"0":"post-2683","1":"product","2":"type-product","3":"status-publish","4":"has-post-thumbnail","6":"product_cat-uncategorized","8":"first","9":"instock","10":"taxable","11":"shipping-taxable","12":"product-type-simple"},"_links":{"self":[{"href":"https:\/\/kymiashop.com\/fr_fr\/wp-json\/wp\/v2\/product\/2683","targetHints":{"allow":["GET"]}}],"collection":[{"href":"https:\/\/kymiashop.com\/fr_fr\/wp-json\/wp\/v2\/product"}],"about":[{"href":"https:\/\/kymiashop.com\/fr_fr\/wp-json\/wp\/v2\/types\/product"}],"wp:featuredmedia":[{"embeddable":true,"href":"https:\/\/kymiashop.com\/fr_fr\/wp-json\/wp\/v2\/media\/2539"}],"wp:attachment":[{"href":"https:\/\/kymiashop.com\/fr_fr\/wp-json\/wp\/v2\/media?parent=2683"}],"wp:term":[{"taxonomy":"product_brand","embeddable":true,"href":"https:\/\/kymiashop.com\/fr_fr\/wp-json\/wp\/v2\/product_brand?post=2683"},{"taxonomy":"product_cat","embeddable":true,"href":"https:\/\/kymiashop.com\/fr_fr\/wp-json\/wp\/v2\/product_cat?post=2683"},{"taxonomy":"product_tag","embeddable":true,"href":"https:\/\/kymiashop.com\/fr_fr\/wp-json\/wp\/v2\/product_tag?post=2683"}],"curies":[{"name":"wp","href":"https:\/\/api.w.org\/{rel}","templated":true}]}}