{"id":2689,"date":"2026-01-22T10:29:02","date_gmt":"2026-01-22T09:29:02","guid":{"rendered":"https:\/\/kymiashop.com\/fr_fr\/?post_type=product&#038;p=2689"},"modified":"2026-01-22T10:29:40","modified_gmt":"2026-01-22T09:29:40","slug":"beurre-de-karite","status":"publish","type":"product","link":"https:\/\/kymiashop.com\/fr_fr\/product\/beurre-de-karite\/","title":{"rendered":"BEURRE DE KARIT\u00c9"},"content":{"rendered":"<h3 data-start=\"4701\" data-end=\"4725\"><strong data-start=\"4705\" data-end=\"4725\">BEURRE DE KARIT\u00c9<\/strong><\/h3>\n<p data-start=\"4726\" data-end=\"4918\"><strong data-start=\"4726\" data-end=\"4743\">Description :<\/strong> Beurre v\u00e9g\u00e9tal nourrissant.<br data-start=\"4771\" data-end=\"4774\" \/><strong data-start=\"4774\" data-end=\"4788\">Fonction :<\/strong> Hydratation et protection de la peau.<br data-start=\"4826\" data-end=\"4829\" \/><strong data-start=\"4829\" data-end=\"4847\">Applications :<\/strong> Cr\u00e8mes, baumes, savons.<br data-start=\"4871\" data-end=\"4874\" \/><strong data-start=\"4874\" data-end=\"4889\">Avantages :<\/strong> Riche en vitamines, naturel.<\/p>\n","protected":false},"excerpt":{"rendered":"<p>BEURRE DE KARIT\u00c9 Description : Beurre v\u00e9g\u00e9tal nourrissant.Fonction : Hydratation et protection de la peau.Applications : Cr\u00e8mes, baumes, savons.Avantages : Riche en vitamines, naturel.<\/p>\n","protected":false},"featured_media":2690,"template":"","meta":[],"product_brand":[],"product_cat":[24],"product_tag":[],"class_list":{"0":"post-2689","1":"product","2":"type-product","3":"status-publish","4":"has-post-thumbnail","6":"product_cat-matierespremierescosmetiques","8":"first","9":"instock","10":"taxable","11":"shipping-taxable","12":"product-type-simple"},"_links":{"self":[{"href":"https:\/\/kymiashop.com\/fr_fr\/wp-json\/wp\/v2\/product\/2689","targetHints":{"allow":["GET"]}}],"collection":[{"href":"https:\/\/kymiashop.com\/fr_fr\/wp-json\/wp\/v2\/product"}],"about":[{"href":"https:\/\/kymiashop.com\/fr_fr\/wp-json\/wp\/v2\/types\/product"}],"wp:featuredmedia":[{"embeddable":true,"href":"https:\/\/kymiashop.com\/fr_fr\/wp-json\/wp\/v2\/media\/2690"}],"wp:attachment":[{"href":"https:\/\/kymiashop.com\/fr_fr\/wp-json\/wp\/v2\/media?parent=2689"}],"wp:term":[{"taxonomy":"product_brand","embeddable":true,"href":"https:\/\/kymiashop.com\/fr_fr\/wp-json\/wp\/v2\/product_brand?post=2689"},{"taxonomy":"product_cat","embeddable":true,"href":"https:\/\/kymiashop.com\/fr_fr\/wp-json\/wp\/v2\/product_cat?post=2689"},{"taxonomy":"product_tag","embeddable":true,"href":"https:\/\/kymiashop.com\/fr_fr\/wp-json\/wp\/v2\/product_tag?post=2689"}],"curies":[{"name":"wp","href":"https:\/\/api.w.org\/{rel}","templated":true}]}}