{"id":2693,"date":"2026-01-22T10:43:38","date_gmt":"2026-01-22T09:43:38","guid":{"rendered":"https:\/\/kymiashop.com\/fr_fr\/?post_type=product&#038;p=2693"},"modified":"2026-01-22T10:43:38","modified_gmt":"2026-01-22T09:43:38","slug":"cod-kd","status":"publish","type":"product","link":"https:\/\/kymiashop.com\/fr_fr\/product\/cod-kd\/","title":{"rendered":"COD KD"},"content":{"rendered":"<h3 data-start=\"1644\" data-end=\"1658\"><strong data-start=\"1648\" data-end=\"1658\">COD KD<\/strong><\/h3>\n<p data-start=\"1659\" data-end=\"1846\"><strong data-start=\"1659\" data-end=\"1676\">Description :<\/strong> Version concentr\u00e9e du COD.<br data-start=\"1703\" data-end=\"1706\" \/><strong data-start=\"1706\" data-end=\"1720\">Fonction :<\/strong> Nettoyage renforc\u00e9.<br data-start=\"1740\" data-end=\"1743\" \/><strong data-start=\"1743\" data-end=\"1761\">Applications :<\/strong> Produits de nettoyage intensifs.<br data-start=\"1794\" data-end=\"1797\" \/><strong data-start=\"1797\" data-end=\"1812\">Avantages :<\/strong> Haute efficacit\u00e9 \u00e0 faible dosage.<\/p>\n","protected":false},"excerpt":{"rendered":"<p>COD KD Description : Version concentr\u00e9e du COD.Fonction : Nettoyage renforc\u00e9.Applications : Produits de nettoyage intensifs.Avantages : Haute efficacit\u00e9 \u00e0 faible dosage.<\/p>\n","protected":false},"featured_media":2694,"template":"","meta":[],"product_brand":[],"product_cat":[15],"product_tag":[],"class_list":{"0":"post-2693","1":"product","2":"type-product","3":"status-publish","4":"has-post-thumbnail","6":"product_cat-uncategorized","8":"first","9":"instock","10":"taxable","11":"shipping-taxable","12":"purchasable","13":"product-type-simple"},"_links":{"self":[{"href":"https:\/\/kymiashop.com\/fr_fr\/wp-json\/wp\/v2\/product\/2693","targetHints":{"allow":["GET"]}}],"collection":[{"href":"https:\/\/kymiashop.com\/fr_fr\/wp-json\/wp\/v2\/product"}],"about":[{"href":"https:\/\/kymiashop.com\/fr_fr\/wp-json\/wp\/v2\/types\/product"}],"wp:featuredmedia":[{"embeddable":true,"href":"https:\/\/kymiashop.com\/fr_fr\/wp-json\/wp\/v2\/media\/2694"}],"wp:attachment":[{"href":"https:\/\/kymiashop.com\/fr_fr\/wp-json\/wp\/v2\/media?parent=2693"}],"wp:term":[{"taxonomy":"product_brand","embeddable":true,"href":"https:\/\/kymiashop.com\/fr_fr\/wp-json\/wp\/v2\/product_brand?post=2693"},{"taxonomy":"product_cat","embeddable":true,"href":"https:\/\/kymiashop.com\/fr_fr\/wp-json\/wp\/v2\/product_cat?post=2693"},{"taxonomy":"product_tag","embeddable":true,"href":"https:\/\/kymiashop.com\/fr_fr\/wp-json\/wp\/v2\/product_tag?post=2693"}],"curies":[{"name":"wp","href":"https:\/\/api.w.org\/{rel}","templated":true}]}}