{"id":2700,"date":"2026-01-22T11:14:09","date_gmt":"2026-01-22T10:14:09","guid":{"rendered":"https:\/\/kymiashop.com\/fr_fr\/?post_type=product&#038;p=2700"},"modified":"2026-01-22T11:18:23","modified_gmt":"2026-01-22T10:18:23","slug":"edta-liquide","status":"publish","type":"product","link":"https:\/\/kymiashop.com\/fr_fr\/product\/edta-liquide\/","title":{"rendered":"EDTA LIQUIDE"},"content":{"rendered":"<h3 data-start=\"6189\" data-end=\"6201\"><strong data-start=\"6193\" data-end=\"6201\">EDTA<\/strong><\/h3>\n<p data-start=\"6202\" data-end=\"6389\"><strong data-start=\"6202\" data-end=\"6219\">Description :<\/strong> Agent ch\u00e9latant.<br data-start=\"6236\" data-end=\"6239\" \/><strong data-start=\"6239\" data-end=\"6253\">Fonction :<\/strong> S\u00e9questration des ions m\u00e9talliques.<br data-start=\"6289\" data-end=\"6292\" \/><strong data-start=\"6292\" data-end=\"6310\">Applications :<\/strong> D\u00e9tergents, cosm\u00e9tiques.<br data-start=\"6335\" data-end=\"6338\" \/><strong data-start=\"6338\" data-end=\"6353\">Avantages :<\/strong> Am\u00e9liore l\u2019efficacit\u00e9 des formules.<\/p>\n","protected":false},"excerpt":{"rendered":"<p>EDTA Description : Agent ch\u00e9latant.Fonction : S\u00e9questration des ions m\u00e9talliques.Applications : D\u00e9tergents, cosm\u00e9tiques.Avantages : Am\u00e9liore l\u2019efficacit\u00e9 des formules.<\/p>\n","protected":false},"featured_media":2701,"template":"","meta":[],"product_brand":[],"product_cat":[15],"product_tag":[],"class_list":{"0":"post-2700","1":"product","2":"type-product","3":"status-publish","4":"has-post-thumbnail","6":"product_cat-uncategorized","8":"first","9":"instock","10":"taxable","11":"shipping-taxable","12":"purchasable","13":"product-type-simple"},"_links":{"self":[{"href":"https:\/\/kymiashop.com\/fr_fr\/wp-json\/wp\/v2\/product\/2700","targetHints":{"allow":["GET"]}}],"collection":[{"href":"https:\/\/kymiashop.com\/fr_fr\/wp-json\/wp\/v2\/product"}],"about":[{"href":"https:\/\/kymiashop.com\/fr_fr\/wp-json\/wp\/v2\/types\/product"}],"wp:featuredmedia":[{"embeddable":true,"href":"https:\/\/kymiashop.com\/fr_fr\/wp-json\/wp\/v2\/media\/2701"}],"wp:attachment":[{"href":"https:\/\/kymiashop.com\/fr_fr\/wp-json\/wp\/v2\/media?parent=2700"}],"wp:term":[{"taxonomy":"product_brand","embeddable":true,"href":"https:\/\/kymiashop.com\/fr_fr\/wp-json\/wp\/v2\/product_brand?post=2700"},{"taxonomy":"product_cat","embeddable":true,"href":"https:\/\/kymiashop.com\/fr_fr\/wp-json\/wp\/v2\/product_cat?post=2700"},{"taxonomy":"product_tag","embeddable":true,"href":"https:\/\/kymiashop.com\/fr_fr\/wp-json\/wp\/v2\/product_tag?post=2700"}],"curies":[{"name":"wp","href":"https:\/\/api.w.org\/{rel}","templated":true}]}}