{"id":2704,"date":"2026-01-22T13:24:09","date_gmt":"2026-01-22T12:24:09","guid":{"rendered":"https:\/\/kymiashop.com\/fr_fr\/?post_type=product&#038;p=2704"},"modified":"2026-01-22T13:24:09","modified_gmt":"2026-01-22T12:24:09","slug":"lanoline-pate","status":"publish","type":"product","link":"https:\/\/kymiashop.com\/fr_fr\/product\/lanoline-pate\/","title":{"rendered":"LANOLINE PATE"},"content":{"rendered":"<h3 data-start=\"5094\" data-end=\"5115\"><strong data-start=\"5098\" data-end=\"5115\">LANOLINE P\u00c2TE<\/strong><\/h3>\n<p data-start=\"5116\" data-end=\"5272\"><strong data-start=\"5116\" data-end=\"5133\">Description :<\/strong> Lanoline semi-solide.<br data-start=\"5155\" data-end=\"5158\" \/><strong data-start=\"5158\" data-end=\"5172\">Fonction :<\/strong> Protection cutan\u00e9e.<br data-start=\"5192\" data-end=\"5195\" \/><strong data-start=\"5195\" data-end=\"5213\">Applications :<\/strong> Produits r\u00e9parateurs.<br data-start=\"5235\" data-end=\"5238\" \/><strong data-start=\"5238\" data-end=\"5253\">Avantages :<\/strong> Tr\u00e8s nourrissante.<\/p>\n","protected":false},"excerpt":{"rendered":"<p>LANOLINE P\u00c2TE Description : Lanoline semi-solide.Fonction : Protection cutan\u00e9e.Applications : Produits r\u00e9parateurs.Avantages : Tr\u00e8s nourrissante.<\/p>\n","protected":false},"featured_media":2705,"template":"","meta":[],"product_brand":[],"product_cat":[15],"product_tag":[],"class_list":{"0":"post-2704","1":"product","2":"type-product","3":"status-publish","4":"has-post-thumbnail","6":"product_cat-uncategorized","8":"first","9":"instock","10":"taxable","11":"shipping-taxable","12":"purchasable","13":"product-type-simple"},"_links":{"self":[{"href":"https:\/\/kymiashop.com\/fr_fr\/wp-json\/wp\/v2\/product\/2704","targetHints":{"allow":["GET"]}}],"collection":[{"href":"https:\/\/kymiashop.com\/fr_fr\/wp-json\/wp\/v2\/product"}],"about":[{"href":"https:\/\/kymiashop.com\/fr_fr\/wp-json\/wp\/v2\/types\/product"}],"wp:featuredmedia":[{"embeddable":true,"href":"https:\/\/kymiashop.com\/fr_fr\/wp-json\/wp\/v2\/media\/2705"}],"wp:attachment":[{"href":"https:\/\/kymiashop.com\/fr_fr\/wp-json\/wp\/v2\/media?parent=2704"}],"wp:term":[{"taxonomy":"product_brand","embeddable":true,"href":"https:\/\/kymiashop.com\/fr_fr\/wp-json\/wp\/v2\/product_brand?post=2704"},{"taxonomy":"product_cat","embeddable":true,"href":"https:\/\/kymiashop.com\/fr_fr\/wp-json\/wp\/v2\/product_cat?post=2704"},{"taxonomy":"product_tag","embeddable":true,"href":"https:\/\/kymiashop.com\/fr_fr\/wp-json\/wp\/v2\/product_tag?post=2704"}],"curies":[{"name":"wp","href":"https:\/\/api.w.org\/{rel}","templated":true}]}}