{"id":2709,"date":"2026-01-22T13:34:53","date_gmt":"2026-01-22T12:34:53","guid":{"rendered":"https:\/\/kymiashop.com\/fr_fr\/?post_type=product&#038;p=2709"},"modified":"2026-01-22T13:34:53","modified_gmt":"2026-01-22T12:34:53","slug":"np9","status":"publish","type":"product","link":"https:\/\/kymiashop.com\/fr_fr\/product\/np9\/","title":{"rendered":"NP9"},"content":{"rendered":"<h3 data-start=\"789\" data-end=\"800\"><strong data-start=\"793\" data-end=\"800\">NP9<\/strong><\/h3>\n<p data-start=\"801\" data-end=\"995\"><strong data-start=\"801\" data-end=\"818\">Description :<\/strong> Tensioactif non ionique.<br data-start=\"843\" data-end=\"846\" \/><strong data-start=\"846\" data-end=\"860\">Fonction :<\/strong> D\u00e9tergence et \u00e9mulsification.<br data-start=\"890\" data-end=\"893\" \/><strong data-start=\"893\" data-end=\"911\">Applications :<\/strong> D\u00e9tergents industriels, nettoyants.<br data-start=\"947\" data-end=\"950\" \/><strong data-start=\"950\" data-end=\"965\">Avantages :<\/strong> Efficace contre les graisses.<\/p>\n","protected":false},"excerpt":{"rendered":"<p>NP9 Description : Tensioactif non ionique.Fonction : D\u00e9tergence et \u00e9mulsification.Applications : D\u00e9tergents industriels, nettoyants.Avantages : Efficace contre les graisses.<\/p>\n","protected":false},"featured_media":2710,"template":"","meta":[],"product_brand":[],"product_cat":[15],"product_tag":[],"class_list":{"0":"post-2709","1":"product","2":"type-product","3":"status-publish","4":"has-post-thumbnail","6":"product_cat-uncategorized","8":"first","9":"instock","10":"taxable","11":"shipping-taxable","12":"purchasable","13":"product-type-simple"},"_links":{"self":[{"href":"https:\/\/kymiashop.com\/fr_fr\/wp-json\/wp\/v2\/product\/2709","targetHints":{"allow":["GET"]}}],"collection":[{"href":"https:\/\/kymiashop.com\/fr_fr\/wp-json\/wp\/v2\/product"}],"about":[{"href":"https:\/\/kymiashop.com\/fr_fr\/wp-json\/wp\/v2\/types\/product"}],"wp:featuredmedia":[{"embeddable":true,"href":"https:\/\/kymiashop.com\/fr_fr\/wp-json\/wp\/v2\/media\/2710"}],"wp:attachment":[{"href":"https:\/\/kymiashop.com\/fr_fr\/wp-json\/wp\/v2\/media?parent=2709"}],"wp:term":[{"taxonomy":"product_brand","embeddable":true,"href":"https:\/\/kymiashop.com\/fr_fr\/wp-json\/wp\/v2\/product_brand?post=2709"},{"taxonomy":"product_cat","embeddable":true,"href":"https:\/\/kymiashop.com\/fr_fr\/wp-json\/wp\/v2\/product_cat?post=2709"},{"taxonomy":"product_tag","embeddable":true,"href":"https:\/\/kymiashop.com\/fr_fr\/wp-json\/wp\/v2\/product_tag?post=2709"}],"curies":[{"name":"wp","href":"https:\/\/api.w.org\/{rel}","templated":true}]}}