{"id":2721,"date":"2026-01-22T14:49:12","date_gmt":"2026-01-22T13:49:12","guid":{"rendered":"https:\/\/kymiashop.com\/fr_fr\/?post_type=product&#038;p=2721"},"modified":"2026-01-22T14:49:30","modified_gmt":"2026-01-22T13:49:30","slug":"texapon-sbn","status":"publish","type":"product","link":"https:\/\/kymiashop.com\/fr_fr\/product\/texapon-sbn\/","title":{"rendered":"TEXAPON SBN"},"content":{"rendered":"<h3 data-start=\"2147\" data-end=\"2166\"><strong data-start=\"2151\" data-end=\"2166\">TEXAPON SBN<\/strong><\/h3>\n<p data-start=\"2167\" data-end=\"2363\"><strong data-start=\"2167\" data-end=\"2184\">Description :<\/strong> Tensioactif anionique.<br data-start=\"2207\" data-end=\"2210\" \/><strong data-start=\"2210\" data-end=\"2224\">Fonction :<\/strong> D\u00e9tergence et moussage.<br data-start=\"2248\" data-end=\"2251\" \/><strong data-start=\"2251\" data-end=\"2269\">Applications :<\/strong> Produits lavants et m\u00e9nagers.<br data-start=\"2299\" data-end=\"2302\" \/><strong data-start=\"2302\" data-end=\"2317\">Avantages :<\/strong> Bonne compatibilit\u00e9 avec autres tensioactifs.<\/p>\n","protected":false},"excerpt":{"rendered":"<p>TEXAPON SBN Description : Tensioactif anionique.Fonction : D\u00e9tergence et moussage.Applications : Produits lavants et m\u00e9nagers.Avantages : Bonne compatibilit\u00e9 avec autres tensioactifs.<\/p>\n","protected":false},"featured_media":2456,"template":"","meta":[],"product_brand":[],"product_cat":[15],"product_tag":[],"class_list":{"0":"post-2721","1":"product","2":"type-product","3":"status-publish","4":"has-post-thumbnail","6":"product_cat-uncategorized","8":"first","9":"instock","10":"taxable","11":"shipping-taxable","12":"product-type-simple"},"_links":{"self":[{"href":"https:\/\/kymiashop.com\/fr_fr\/wp-json\/wp\/v2\/product\/2721","targetHints":{"allow":["GET"]}}],"collection":[{"href":"https:\/\/kymiashop.com\/fr_fr\/wp-json\/wp\/v2\/product"}],"about":[{"href":"https:\/\/kymiashop.com\/fr_fr\/wp-json\/wp\/v2\/types\/product"}],"wp:featuredmedia":[{"embeddable":true,"href":"https:\/\/kymiashop.com\/fr_fr\/wp-json\/wp\/v2\/media\/2456"}],"wp:attachment":[{"href":"https:\/\/kymiashop.com\/fr_fr\/wp-json\/wp\/v2\/media?parent=2721"}],"wp:term":[{"taxonomy":"product_brand","embeddable":true,"href":"https:\/\/kymiashop.com\/fr_fr\/wp-json\/wp\/v2\/product_brand?post=2721"},{"taxonomy":"product_cat","embeddable":true,"href":"https:\/\/kymiashop.com\/fr_fr\/wp-json\/wp\/v2\/product_cat?post=2721"},{"taxonomy":"product_tag","embeddable":true,"href":"https:\/\/kymiashop.com\/fr_fr\/wp-json\/wp\/v2\/product_tag?post=2721"}],"curies":[{"name":"wp","href":"https:\/\/api.w.org\/{rel}","templated":true}]}}