{"id":2724,"date":"2026-01-22T15:01:26","date_gmt":"2026-01-22T14:01:26","guid":{"rendered":"https:\/\/kymiashop.com\/fr_fr\/?post_type=product&#038;p=2724"},"modified":"2026-01-22T15:01:27","modified_gmt":"2026-01-22T14:01:27","slug":"vaseline-parapharmaceutique","status":"publish","type":"product","link":"https:\/\/kymiashop.com\/fr_fr\/product\/vaseline-parapharmaceutique\/","title":{"rendered":"VASELINE PARAPHARMACEUTIQUE"},"content":{"rendered":"<h3 data-start=\"450\" data-end=\"485\"><strong data-start=\"454\" data-end=\"485\">VASELINE PARAPHARMACEUTIQUE<\/strong><\/h3>\n<p data-start=\"486\" data-end=\"711\"><strong data-start=\"486\" data-end=\"503\">Description :<\/strong> Vaseline de haute puret\u00e9 conforme aux normes pharmaceutiques.<br data-start=\"565\" data-end=\"568\" \/><strong data-start=\"568\" data-end=\"582\">Fonction :<\/strong> Protection cutan\u00e9e.<br data-start=\"602\" data-end=\"605\" \/><strong data-start=\"605\" data-end=\"623\">Applications :<\/strong> Produits pharmaceutiques et cosm\u00e9tiques.<br data-start=\"664\" data-end=\"667\" \/><strong data-start=\"667\" data-end=\"682\">Avantages :<\/strong> S\u00e9curit\u00e9 et qualit\u00e9 \u00e9lev\u00e9es.<\/p>\n","protected":false},"excerpt":{"rendered":"<p>VASELINE PARAPHARMACEUTIQUE Description : Vaseline de haute puret\u00e9 conforme aux normes pharmaceutiques.Fonction : Protection cutan\u00e9e.Applications : Produits pharmaceutiques et cosm\u00e9tiques.Avantages : S\u00e9curit\u00e9 et qualit\u00e9 \u00e9lev\u00e9es.<\/p>\n","protected":false},"featured_media":2725,"template":"","meta":[],"product_brand":[],"product_cat":[15],"product_tag":[],"class_list":{"0":"post-2724","1":"product","2":"type-product","3":"status-publish","4":"has-post-thumbnail","6":"product_cat-uncategorized","8":"first","9":"instock","10":"taxable","11":"shipping-taxable","12":"product-type-simple"},"_links":{"self":[{"href":"https:\/\/kymiashop.com\/fr_fr\/wp-json\/wp\/v2\/product\/2724","targetHints":{"allow":["GET"]}}],"collection":[{"href":"https:\/\/kymiashop.com\/fr_fr\/wp-json\/wp\/v2\/product"}],"about":[{"href":"https:\/\/kymiashop.com\/fr_fr\/wp-json\/wp\/v2\/types\/product"}],"wp:featuredmedia":[{"embeddable":true,"href":"https:\/\/kymiashop.com\/fr_fr\/wp-json\/wp\/v2\/media\/2725"}],"wp:attachment":[{"href":"https:\/\/kymiashop.com\/fr_fr\/wp-json\/wp\/v2\/media?parent=2724"}],"wp:term":[{"taxonomy":"product_brand","embeddable":true,"href":"https:\/\/kymiashop.com\/fr_fr\/wp-json\/wp\/v2\/product_brand?post=2724"},{"taxonomy":"product_cat","embeddable":true,"href":"https:\/\/kymiashop.com\/fr_fr\/wp-json\/wp\/v2\/product_cat?post=2724"},{"taxonomy":"product_tag","embeddable":true,"href":"https:\/\/kymiashop.com\/fr_fr\/wp-json\/wp\/v2\/product_tag?post=2724"}],"curies":[{"name":"wp","href":"https:\/\/api.w.org\/{rel}","templated":true}]}}